{"id":14891,"date":"2025-09-30T16:28:47","date_gmt":"2025-09-30T14:28:47","guid":{"rendered":"https:\/\/www.ppprint.de\/?page_id=14891"},"modified":"2025-10-27T13:14:56","modified_gmt":"2025-10-27T12:14:56","slug":"stammdaten","status":"publish","type":"page","link":"https:\/\/www.ppprint.de\/en\/stammdaten\/","title":{"rendered":"Stammdaten"},"content":{"rendered":"\t\t<div data-elementor-type=\"wp-page\" data-elementor-id=\"14891\" class=\"elementor elementor-14891\">\n\t\t\t\t\t\t<section class=\"elementor-section elementor-top-section elementor-element elementor-element-36886e5 elementor-section-boxed elementor-section-height-default elementor-section-height-default\" data-id=\"36886e5\" data-element_type=\"section\">\n\t\t\t\t\t\t<div class=\"elementor-container elementor-column-gap-default\">\n\t\t\t\t\t<div class=\"elementor-column elementor-col-100 elementor-top-column elementor-element elementor-element-7c9fb7c\" data-id=\"7c9fb7c\" data-element_type=\"column\">\n\t\t\t<div class=\"elementor-widget-wrap elementor-element-populated\">\n\t\t\t\t\t\t<div class=\"elementor-element elementor-element-bad5cd1 elementor-widget elementor-widget-html\" data-id=\"bad5cd1\" data-element_type=\"widget\" data-widget_type=\"html.default\">\n\t\t\t\t<div class=\"elementor-widget-container\">\n\t\t\t\t\t<form method=\"post\" action=\"https:\/\/ppprint.weclapp.com\/webapp\/seam\/resource\/rest\/web2lead?charset=UTF-8\" accept-charset=\"UTF-8\" enctype=\"multipart\/form-data\">\r\n<script>window.jQuery || document.write('<script src=\"https:\/\/ajax.googleapis.com\/ajax\/libs\/jquery\/2.1.3\/jquery.min.js\"><\\\/script>')<\/script>\r\n\r\n<script>\r\n\r\n        $(function() {\r\n                \r\n                var salt = (new Date).getTime().toString().substr(0, 12);\r\n                var value1 = Math.floor((Math.random() * 10));\r\n                var value2 = Math.floor((Math.random() * 10));\r\n                value1salt= salt + value1.toString(); \r\n                value2salt= salt + value2.toString(); \r\n                \r\n                $(\"#idWC_captchaValue1\").val(value1salt);\r\n                $(\"#idWC_captchaValue2\").val(value2salt);\r\n                \r\n                $(\".wc-captcha-value1\").append(value1);\r\n                $(\".wc-captcha-value2\").append(value2);\r\n                \r\n        }); \r\n\r\n<\/script>\r\n<label for=\"idWC_company_name\">Firma<\/label><input type=\"text\" id=\"idWC_company_name\" name=\"company_name\" maxlength=\"1000\" \/><br \/>\r\n<label for=\"idWC_email\">E-Mail<\/label><input type=\"text\" id=\"idWC_email\" name=\"email\" maxlength=\"1000\" \/><br \/>\r\n<label for=\"idWC_salutation\">Anrede<\/label><select id=\"idWC_salutation\" name=\"salutation\" >\r\n<option value=\"MR\">Herr<\/option>\r\n<option value=\"MRS\">Frau<\/option>\r\n<\/select><br \/>\r\n<label for=\"idWC_firstname\">Vorname<\/label><input type=\"text\" id=\"idWC_firstname\" name=\"firstname\" maxlength=\"1000\" \/><br \/>\r\n<label for=\"idWC_lastName\">Nachname<\/label><input type=\"text\" id=\"idWC_lastName\" name=\"lastName\" maxlength=\"1000\" \/><br \/>\r\n<label for=\"idWC_website\">Website<\/label><input type=\"text\" id=\"idWC_website\" name=\"website\" maxlength=\"1000\" \/><br \/>\r\n<label for=\"idWC_street\">Stra\u00dfe<\/label><input type=\"text\" id=\"idWC_street\" name=\"street\" maxlength=\"1000\" \/><br \/>\r\n<label for=\"idWC_street2\">Adresszusatz<\/label><input type=\"text\" id=\"idWC_street2\" name=\"street2\" maxlength=\"1000\" \/><br \/>\r\n<label for=\"idWC_zipcode\">PLZ<\/label><input type=\"text\" id=\"idWC_zipcode\" name=\"zipcode\" maxlength=\"1000\" \/><br \/>\r\n<label for=\"idWC_city\">Stadt<\/label><input type=\"text\" id=\"idWC_city\" name=\"city\" maxlength=\"1000\" \/><br \/>\r\n<label for=\"idWC_country\">Land<\/label><select id=\"idWC_country\" name=\"country\" >\r\n<option value=\"AX\">Aaland-Inseln<\/option>\r\n<option value=\"AF\">Afghanistan<\/option>\r\n<option value=\"AL\">Albanien<\/option>\r\n<option value=\"DZ\">Algerien<\/option>\r\n<option value=\"AS\">Amerikanisch-Samoa<\/option>\r\n<option value=\"VI\">Amerikanische Jungferninseln<\/option>\r\n<option value=\"AD\">Andorra<\/option>\r\n<option value=\"AO\">Angola<\/option>\r\n<option value=\"AI\">Anguilla<\/option>\r\n<option value=\"AQ\">Antarktis<\/option>\r\n<option value=\"AG\">Antigua und Barbuda<\/option>\r\n<option value=\"AR\">Argentinien<\/option>\r\n<option value=\"AM\">Armenien<\/option>\r\n<option value=\"AW\">Aruba<\/option>\r\n<option value=\"AZ\">Aserbaidschan<\/option>\r\n<option value=\"AU\">Australien<\/option>\r\n<option value=\"BS\">Bahamas<\/option>\r\n<option value=\"BH\">Bahrain<\/option>\r\n<option value=\"BD\">Bangladesch<\/option>\r\n<option value=\"BB\">Barbados<\/option>\r\n<option value=\"BY\">Belarus<\/option>\r\n<option value=\"BE\">Belgien<\/option>\r\n<option value=\"BZ\">Belize<\/option>\r\n<option value=\"BJ\">Benin<\/option>\r\n<option value=\"BM\">Bermuda<\/option>\r\n<option value=\"BT\">Bhutan<\/option>\r\n<option value=\"BO\">Bolivien<\/option>\r\n<option value=\"BA\">Bosnien und Herzegowina<\/option>\r\n<option value=\"BW\">Botsuana<\/option>\r\n<option value=\"BV\">Bouvet-Insel<\/option>\r\n<option value=\"BR\">Brasilien<\/option>\r\n<option value=\"VG\">Britische Jungferninseln<\/option>\r\n<option value=\"IO\">Britische Territorien im Indischen Ozean<\/option>\r\n<option value=\"BN\">Brunei Darussalam<\/option>\r\n<option value=\"BG\">Bulgarien<\/option>\r\n<option value=\"BF\">Burkina Faso<\/option>\r\n<option value=\"BI\">Burundi<\/option>\r\n<option value=\"CV\">Cabo Verde<\/option>\r\n<option value=\"BQ\">Caribbean Netherlands<\/option>\r\n<option value=\"CL\">Chile<\/option>\r\n<option value=\"CK\">Cook-Inseln<\/option>\r\n<option value=\"CR\">Costa Rica<\/option>\r\n<option value=\"CW\">Cura\u00e7ao<\/option>\r\n<option value=\"CD\">Demokratische Republik Kongo<\/option>\r\n<option value=\"DE\">Deutschland<\/option>\r\n<option value=\"DM\">Dominica<\/option>\r\n<option value=\"DO\">Dominikanische Republik<\/option>\r\n<option value=\"DJ\">Dschibuti<\/option>\r\n<option value=\"DK\">D\u00e4nemark<\/option>\r\n<option value=\"EC\">Ecuador<\/option>\r\n<option value=\"SV\">El Salvador<\/option>\r\n<option value=\"CI\">Elfenbeink\u00fcste<\/option>\r\n<option value=\"ER\">Eritrea<\/option>\r\n<option value=\"EE\">Estland<\/option>\r\n<option value=\"EU\">Europ\u00e4ische Union<\/option>\r\n<option value=\"FK\">Falkland-Inseln<\/option>\r\n<option value=\"FJ\">Fidschi<\/option>\r\n<option value=\"FI\">Finnland<\/option>\r\n<option value=\"FR\">Frankreich<\/option>\r\n<option value=\"GF\">Franz\u00f6sisch-Guayana<\/option>\r\n<option value=\"PF\">Franz\u00f6sisch-Polynesien<\/option>\r\n<option value=\"TF\">Franz\u00f6sische S\u00fcdgebiete<\/option>\r\n<option value=\"FO\">F\u00e4r\u00f6er-Inseln<\/option>\r\n<option value=\"GA\">Gabun<\/option>\r\n<option value=\"GM\">Gambia<\/option>\r\n<option value=\"GE\">Georgien<\/option>\r\n<option value=\"GH\">Ghana<\/option>\r\n<option value=\"GI\">Gibraltar<\/option>\r\n<option value=\"GD\">Grenada<\/option>\r\n<option value=\"GR\">Griechenland<\/option>\r\n<option value=\"GL\">Gr\u00f6nland<\/option>\r\n<option value=\"GP\">Guadeloupe<\/option>\r\n<option value=\"GU\">Guam<\/option>\r\n<option value=\"GT\">Guatemala<\/option>\r\n<option value=\"GG\">Guernsey<\/option>\r\n<option value=\"GN\">Guinea<\/option>\r\n<option value=\"GW\">Guinea-Bissau<\/option>\r\n<option value=\"GY\">Guyana<\/option>\r\n<option value=\"HT\">Haiti<\/option>\r\n<option value=\"HM\">Heard- und McDonald-Inseln<\/option>\r\n<option value=\"HN\">Honduras<\/option>\r\n<option value=\"HK\">Hongkong<\/option>\r\n<option value=\"IN\">Indien<\/option>\r\n<option value=\"ID\">Indonesien<\/option>\r\n<option value=\"IQ\">Irak<\/option>\r\n<option value=\"IR\">Iran<\/option>\r\n<option value=\"IE\">Irland<\/option>\r\n<option value=\"IS\">Island<\/option>\r\n<option value=\"IM\">Isle of Man<\/option>\r\n<option value=\"IL\">Israel<\/option>\r\n<option value=\"IT\">Italien<\/option>\r\n<option value=\"JM\">Jamaika<\/option>\r\n<option value=\"JP\">Japan<\/option>\r\n<option value=\"YE\">Jemen<\/option>\r\n<option value=\"JE\">Jersey<\/option>\r\n<option value=\"JO\">Jordanien<\/option>\r\n<option value=\"KY\">Kaiman-Inseln<\/option>\r\n<option value=\"KH\">Kambodscha<\/option>\r\n<option value=\"CM\">Kamerun<\/option>\r\n<option value=\"CA\">Kanada<\/option>\r\n<option value=\"IC\">Kanarische Inseln<\/option>\r\n<option value=\"KZ\">Kasachstan<\/option>\r\n<option value=\"QA\">Katar<\/option>\r\n<option value=\"KE\">Kenia<\/option>\r\n<option value=\"KG\">Kirgistan<\/option>\r\n<option value=\"KI\">Kiribati<\/option>\r\n<option value=\"CC\">Kokos-Inseln<\/option>\r\n<option value=\"CO\">Kolumbien<\/option>\r\n<option value=\"KM\">Komoren<\/option>\r\n<option value=\"CG\">Kongo<\/option>\r\n<option value=\"XK\">Kosovo<\/option>\r\n<option value=\"HR\">Kroatien<\/option>\r\n<option value=\"CU\">Kuba<\/option>\r\n<option value=\"KW\">Kuwait<\/option>\r\n<option value=\"SA\">K\u00f6nigreich Saudi-Arabien<\/option>\r\n<option value=\"LA\">Laos<\/option>\r\n<option value=\"LS\">Lesotho<\/option>\r\n<option value=\"LV\">Lettland<\/option>\r\n<option value=\"LB\">Libanon<\/option>\r\n<option value=\"LR\">Liberia<\/option>\r\n<option value=\"LY\">Libyen<\/option>\r\n<option value=\"LI\">Liechtenstein<\/option>\r\n<option value=\"LT\">Litauen<\/option>\r\n<option value=\"LU\">Luxemburg<\/option>\r\n<option value=\"MO\">Macao<\/option>\r\n<option value=\"MG\">Madagaskar<\/option>\r\n<option value=\"MW\">Malawi<\/option>\r\n<option value=\"MY\">Malaysia<\/option>\r\n<option value=\"MV\">Malediven<\/option>\r\n<option value=\"ML\">Mali<\/option>\r\n<option value=\"MT\">Malta<\/option>\r\n<option value=\"MA\">Marokko<\/option>\r\n<option value=\"MH\">Marshall-Inseln<\/option>\r\n<option value=\"MQ\">Martinique<\/option>\r\n<option value=\"MR\">Mauretanien<\/option>\r\n<option value=\"MU\">Mauritius<\/option>\r\n<option value=\"YT\">Mayotte<\/option>\r\n<option value=\"MX\">Mexiko<\/option>\r\n<option value=\"FM\">Mikronesien<\/option>\r\n<option value=\"MD\">Moldau<\/option>\r\n<option value=\"MC\">Monaco<\/option>\r\n<option value=\"MN\">Mongolei<\/option>\r\n<option value=\"ME\">Montenegro<\/option>\r\n<option value=\"MS\">Montserrat<\/option>\r\n<option value=\"MZ\">Mosambik<\/option>\r\n<option value=\"MM\">Myanmar<\/option>\r\n<option value=\"N\/A\">N\/A<\/option>\r\n<option value=\"NA\">Namibia<\/option>\r\n<option value=\"NR\">Nauru<\/option>\r\n<option value=\"NP\">Nepal<\/option>\r\n<option value=\"NC\">Neukaledonien<\/option>\r\n<option value=\"NZ\">Neuseeland<\/option>\r\n<option value=\"NI\">Nicaragua<\/option>\r\n<option value=\"NL\">Niederlande<\/option>\r\n<option value=\"AN\">Niederl\u00e4ndische Antillen<\/option>\r\n<option value=\"NE\">Niger<\/option>\r\n<option value=\"NG\">Nigeria<\/option>\r\n<option value=\"NU\">Niue<\/option>\r\n<option value=\"XI\">Nordirland<\/option>\r\n<option value=\"KP\">Nordkorea<\/option>\r\n<option value=\"MK\">Nordmazedonien<\/option>\r\n<option value=\"NF\">Norfolk-Insel<\/option>\r\n<option value=\"NO\">Norwegen<\/option>\r\n<option value=\"MP\">N\u00f6rdliche Mariannen-Inseln<\/option>\r\n<option value=\"OM\">Oman<\/option>\r\n<option value=\"PK\">Pakistan<\/option>\r\n<option value=\"PW\">Palau<\/option>\r\n<option value=\"PS\">Pal\u00e4stina<\/option>\r\n<option value=\"PA\">Panama<\/option>\r\n<option value=\"PG\">Papua-Neuguinea<\/option>\r\n<option value=\"PY\">Paraguay<\/option>\r\n<option value=\"PE\">Peru<\/option>\r\n<option value=\"PH\">Philippinen<\/option>\r\n<option value=\"PN\">Pitcairn<\/option>\r\n<option value=\"PL\">Polen<\/option>\r\n<option value=\"PT\">Portugal<\/option>\r\n<option value=\"PR\">Puerto Rico<\/option>\r\n<option value=\"KR\">Republik Korea<\/option>\r\n<option value=\"RE\">Reunion<\/option>\r\n<option value=\"RW\">Ruanda<\/option>\r\n<option value=\"RO\">Rum\u00e4nien<\/option>\r\n<option value=\"RU\">Russland<\/option>\r\n<option value=\"KN\">Saint Kitts und Nevis<\/option>\r\n<option value=\"ZM\">Sambia<\/option>\r\n<option value=\"WS\">Samoa<\/option>\r\n<option value=\"SM\">San Marino<\/option>\r\n<option value=\"ST\">Sao Tome und Principe<\/option>\r\n<option value=\"SE\">Schweden<\/option>\r\n<option value=\"CH\">Schweiz<\/option>\r\n<option value=\"SN\">Senegal<\/option>\r\n<option value=\"RS\">Serbien<\/option>\r\n<option value=\"SC\">Seychellen<\/option>\r\n<option value=\"SL\">Sierra Leone<\/option>\r\n<option value=\"ZW\">Simbabwe<\/option>\r\n<option value=\"SG\">Singapur<\/option>\r\n<option value=\"SX\">Sint Maarten<\/option>\r\n<option value=\"SK\">Slowakei<\/option>\r\n<option value=\"SI\">Slowenien<\/option>\r\n<option value=\"SB\">Solomon-Inseln<\/option>\r\n<option value=\"SO\">Somalia<\/option>\r\n<option value=\"SS\">South Sudan<\/option>\r\n<option value=\"ES\">Spanien<\/option>\r\n<option value=\"LK\">Sri Lanka<\/option>\r\n<option value=\"BL\">St. Barth\u00e9lemy<\/option>\r\n<option value=\"SH\">St. Helena<\/option>\r\n<option value=\"LC\">St. Lucia<\/option>\r\n<option value=\"MF\">St. Martin<\/option>\r\n<option value=\"PM\">St. Pierre und Miquelon<\/option>\r\n<option value=\"VC\">St. Vincent und die Grenadinen<\/option>\r\n<option value=\"SD\">Sudan<\/option>\r\n<option value=\"SR\">Suriname<\/option>\r\n<option value=\"SJ\">Svalbard und Jan Mayen<\/option>\r\n<option value=\"SZ\">Swasiland<\/option>\r\n<option value=\"SY\">Syrien<\/option>\r\n<option value=\"GS\">S\u00fcd-Georgia und die s\u00fcdlichen Sandwich-Inseln<\/option>\r\n<option value=\"ZA\">S\u00fcdafrika<\/option>\r\n<option value=\"TJ\">Tadschikistan<\/option>\r\n<option value=\"TW\">Taiwan<\/option>\r\n<option value=\"TZ\">Tansania<\/option>\r\n<option value=\"TH\">Thailand<\/option>\r\n<option value=\"TL\">Timor-Leste<\/option>\r\n<option value=\"TG\">Togo<\/option>\r\n<option value=\"TK\">Tokelau<\/option>\r\n<option value=\"TO\">Tonga<\/option>\r\n<option value=\"TT\">Trinidad und Tobago<\/option>\r\n<option value=\"TD\">Tschad<\/option>\r\n<option value=\"CZ\">Tschechische Republik<\/option>\r\n<option value=\"TN\">Tunesien<\/option>\r\n<option value=\"TM\">Turkmenistan<\/option>\r\n<option value=\"TC\">Turks- und Caicos-Inseln<\/option>\r\n<option value=\"TV\">Tuvalu<\/option>\r\n<option value=\"TR\">T\u00fcrkei<\/option>\r\n<option value=\"UG\">Uganda<\/option>\r\n<option value=\"UA\">Ukraine<\/option>\r\n<option value=\"HU\">Ungarn<\/option>\r\n<option value=\"UY\">Uruguay<\/option>\r\n<option value=\"UZ\">Usbekistan<\/option>\r\n<option value=\"VU\">Vanuatu<\/option>\r\n<option value=\"VA\">Vatikanstadt<\/option>\r\n<option value=\"VE\">Venezuela<\/option>\r\n<option value=\"AE\">Vereinigte Arabische Emirate<\/option>\r\n<option value=\"US\">Vereinigte Staaten von Amerika<\/option>\r\n<option value=\"GB\">Vereinigtes K\u00f6nigreich<\/option>\r\n<option value=\"VN\">Vietnam<\/option>\r\n<option value=\"CN\">Volksrepublik China<\/option>\r\n<option value=\"WF\">Wallis und Futuna<\/option>\r\n<option value=\"CX\">Weihnachtsinsel<\/option>\r\n<option value=\"EH\">Westsahara<\/option>\r\n<option value=\"CF\">Zentralafrikanische Republik<\/option>\r\n<option value=\"CY\">Zypern<\/option>\r\n<option value=\"EG\">\u00c4gypten<\/option>\r\n<option value=\"GQ\">\u00c4quatorial-Guinea<\/option>\r\n<option value=\"ET\">\u00c4thiopien<\/option>\r\n<option value=\"AT\">\u00d6sterreich<\/option>\r\n<option value=\"UM\">\u00dcbrige Inseln im Pazifik der USA<\/option>\r\n<\/select><br \/>\r\n<label for=\"idWC_phone\">Telefon<\/label><input type=\"text\" id=\"idWC_phone\" name=\"phone\" maxlength=\"1000\" \/><br \/>\r\n<label for=\"idWC_commercial_language\">Handelssprache<\/label><select id=\"idWC_commercial_language\" name=\"commercial_language\" >\r\n<option value=\"de\">Deutsch<\/option>\r\n<option value=\"en\">Englisch<\/option>\r\n<\/select><br \/>\r\n<label for=\"idWC_rating\">ABC-Klasse<\/label><select id=\"idWC_rating\" name=\"rating\" >\r\n<option value=\"A\">A (sehr wichtig)<\/option>\r\n<option value=\"B\">B (wichtig)<\/option>\r\n<option value=\"C\">C (weniger wichtig)<\/option>\r\n<\/select><br \/>\r\n<label for=\"idWC_description\">Beschreibung<\/label><textarea id=\"idWC_description\" name=\"description\" rows='5'><\/textarea><br \/>\r\n<label for=\"idWC_opt_in\">Opt-In E-Mail<\/label><input value=\"true\" type=\"checkbox\" id=\"idWC_opt_in\" name=\"opt_in\" >\r\n<\/input><br \/>\r\n<label for=\"idWC_sales_tax_id\">USt-ID Nr<\/label><input type=\"text\" id=\"idWC_sales_tax_id\" name=\"sales_tax_id\" maxlength=\"1000\" \/><br \/>\r\n<label for=\"idWC_eori_number\">EORI-Nummer<\/label><input type=\"text\" id=\"idWC_eori_number\" name=\"eori_number\" maxlength=\"1000\" \/><br \/>\r\n<label for=\"idWC_documents\">Dokumente<\/label><input type=\"file\" id=\"idWC_documents\" name=\"documents\" multiple \/><br \/>\r\n<div>\r\n        <h3>Captcha<\/h3>\r\n        <p>Um sicherzugehen, dass du kein Spam-Roboter bist, l\u00f6se die folgende Gleichung:\r\n        <div class=\"wc-captcha-question\">\r\n                <span class=\"wc-captcha-value1\"><\/span> + <span class=\"wc-captcha-value2\"><\/span><span style=\"padding-left: 1px;\"><\/span> = \r\n                <input type=\"text\" id=\"idWC_captchaResult\" name=\"captchaResult\" maxlength=\"2\" \/>\r\n                <input type=\"hidden\" id=\"idWC_captchaValue1\" name=\"captchaValue1\" \/>\r\n                <input type=\"hidden\" id=\"idWC_captchaValue2\" name=\"captchaValue2\" \/>\r\n        <\/div>\r\n<\/div>\r\n<input type=\"hidden\" name=\"honeypot\" value=\"\" \/><br \/>\r\n<input type=\"hidden\" name=\"token\" value=\"759e6cd0-394f-4fec-9182-e85ac7261767\" \/><br \/>\r\n<input type=\"submit\" value=\"Senden\" \/><\/form>\t\t\t\t<\/div>\n\t\t\t\t<\/div>\n\t\t\t\t\t<\/div>\n\t\t<\/div>\n\t\t\t\t\t<\/div>\n\t\t<\/section>\n\t\t\t\t<\/div>\n\t\t","protected":false},"excerpt":{"rendered":"<p>Firma E-Mail AnredeHerrFrau Vorname Nachname Website Stra\u00dfe Adresszusatz PLZ Stadt LandAaland-InselnAfghanistanAlbanienAlgerienAmerikanisch-SamoaAmerikanische JungferninselnAndorraAngolaAnguillaAntarktisAntigua und BarbudaArgentinienArmenienArubaAserbaidschanAustralienBahamasBahrainBangladeschBarbadosBelarusBelgienBelizeBeninBermudaBhutanBolivienBosnien und HerzegowinaBotsuanaBouvet-InselBrasilienBritische JungferninselnBritische Territorien im Indischen OzeanBrunei DarussalamBulgarienBurkina FasoBurundiCabo VerdeCaribbean NetherlandsChileCook-InselnCosta RicaCura\u00e7aoDemokratische Republik KongoDeutschlandDominicaDominikanische RepublikDschibutiD\u00e4nemarkEcuadorEl SalvadorElfenbeink\u00fcsteEritreaEstlandEurop\u00e4ische UnionFalkland-InselnFidschiFinnlandFrankreichFranz\u00f6sisch-GuayanaFranz\u00f6sisch-PolynesienFranz\u00f6sische S\u00fcdgebieteF\u00e4r\u00f6er-InselnGabunGambiaGeorgienGhanaGibraltarGrenadaGriechenlandGr\u00f6nlandGuadeloupeGuamGuatemalaGuernseyGuineaGuinea-BissauGuyanaHaitiHeard- und McDonald-InselnHondurasHongkongIndienIndonesienIrakIranIrlandIslandIsle of ManIsraelItalienJamaikaJapanJemenJerseyJordanienKaiman-InselnKambodschaKamerunKanadaKanarische InselnKasachstanKatarKeniaKirgistanKiribatiKokos-InselnKolumbienKomorenKongoKosovoKroatienKubaKuwaitK\u00f6nigreich Saudi-ArabienLaosLesothoLettlandLibanonLiberiaLibyenLiechtensteinLitauenLuxemburgMacaoMadagaskarMalawiMalaysiaMaledivenMaliMaltaMarokkoMarshall-InselnMartiniqueMauretanienMauritiusMayotteMexikoMikronesienMoldauMonacoMongoleiMontenegroMontserratMosambikMyanmarN\/ANamibiaNauruNepalNeukaledonienNeuseelandNicaraguaNiederlandeNiederl\u00e4ndische AntillenNigerNigeriaNiueNordirlandNordkoreaNordmazedonienNorfolk-InselNorwegenN\u00f6rdliche Mariannen-InselnOmanPakistanPalauPal\u00e4stinaPanamaPapua-NeuguineaParaguayPeruPhilippinenPitcairnPolenPortugalPuerto RicoRepublik KoreaReunionRuandaRum\u00e4nienRusslandSaint Kitts und NevisSambiaSamoaSan MarinoSao Tome und PrincipeSchwedenSchweizSenegalSerbienSeychellenSierra LeoneSimbabweSingapurSint MaartenSlowakeiSlowenienSolomon-InselnSomaliaSouth SudanSpanienSri LankaSt. Barth\u00e9lemySt. HelenaSt. &hellip; <\/p>\n<p class=\"link-more\"><a href=\"https:\/\/www.ppprint.de\/en\/stammdaten\/\" class=\"more-link\">Read More <span class=\"screen-reader-text\"> &#8220;Stammdaten&#8221;<\/span><\/a><\/p>\n","protected":false},"author":1,"featured_media":0,"parent":0,"menu_order":0,"comment_status":"closed","ping_status":"closed","template":"","meta":{"inline_featured_image":false,"_monsterinsights_skip_tracking":false,"_monsterinsights_sitenote_active":false,"_monsterinsights_sitenote_note":"","_monsterinsights_sitenote_category":0,"footnotes":""},"class_list":["post-14891","page","type-page","status-publish","hentry"],"aioseo_notices":[],"_links":{"self":[{"href":"https:\/\/www.ppprint.de\/en\/wp-json\/wp\/v2\/pages\/14891","targetHints":{"allow":["GET"]}}],"collection":[{"href":"https:\/\/www.ppprint.de\/en\/wp-json\/wp\/v2\/pages"}],"about":[{"href":"https:\/\/www.ppprint.de\/en\/wp-json\/wp\/v2\/types\/page"}],"author":[{"embeddable":true,"href":"https:\/\/www.ppprint.de\/en\/wp-json\/wp\/v2\/users\/1"}],"replies":[{"embeddable":true,"href":"https:\/\/www.ppprint.de\/en\/wp-json\/wp\/v2\/comments?post=14891"}],"version-history":[{"count":10,"href":"https:\/\/www.ppprint.de\/en\/wp-json\/wp\/v2\/pages\/14891\/revisions"}],"predecessor-version":[{"id":14947,"href":"https:\/\/www.ppprint.de\/en\/wp-json\/wp\/v2\/pages\/14891\/revisions\/14947"}],"wp:attachment":[{"href":"https:\/\/www.ppprint.de\/en\/wp-json\/wp\/v2\/media?parent=14891"}],"curies":[{"name":"wp","href":"https:\/\/api.w.org\/{rel}","templated":true}]}}