{"id":7371,"date":"2021-01-21T10:26:20","date_gmt":"2021-01-21T09:26:20","guid":{"rendered":"https:\/\/www.ppprint.de\/?page_id=7371"},"modified":"2024-01-20T13:59:39","modified_gmt":"2024-01-20T12:59:39","slug":"filament-i","status":"publish","type":"page","link":"https:\/\/www.ppprint.de\/en\/filament-i\/","title":{"rendered":"Filament"},"content":{"rendered":"\t\t<div data-elementor-type=\"wp-page\" data-elementor-id=\"7371\" class=\"elementor elementor-7371\">\n\t\t\t\t\t\t<section class=\"elementor-section elementor-top-section elementor-element elementor-element-267ffa8 elementor-section-boxed elementor-section-height-default elementor-section-height-default\" data-id=\"267ffa8\" data-element_type=\"section\">\n\t\t\t\t\t\t<div class=\"elementor-container elementor-column-gap-default\">\n\t\t\t\t\t<div class=\"elementor-column elementor-col-100 elementor-top-column elementor-element elementor-element-37bafc3\" data-id=\"37bafc3\" data-element_type=\"column\">\n\t\t\t<div class=\"elementor-widget-wrap elementor-element-populated\">\n\t\t\t\t\t\t<div class=\"elementor-element elementor-element-f6684bc elementor-widget elementor-widget-opal-products\" data-id=\"f6684bc\" data-element_type=\"widget\" data-widget_type=\"opal-products.default\">\n\t\t\t\t<div class=\"elementor-widget-container\">\n\t\t\t\t\t<div class=\"woocommerce columns-3 \"><ul class=\"products columns-3\">\n<li class=\"product type-product post-4247 status-publish first instock product_cat-filament-en has-post-thumbnail taxable shipping-taxable purchasable product-type-variable has-default-attributes\">\n\t<div class=\"product-block\"><div class=\"product-transition\"><div class=\"product-image\"><img fetchpriority=\"high\" decoding=\"async\" width=\"300\" height=\"300\" src=\"https:\/\/www.ppprint.de\/wp-content\/uploads\/2023\/01\/P-filament-721-\ufffd-black-300x300.jpg\" class=\"attachment-woocommerce_thumbnail size-woocommerce_thumbnail\" alt=\"P-filament 721 black\" srcset=\"https:\/\/www.ppprint.de\/wp-content\/uploads\/2023\/01\/P-filament-721-\ufffd-black-300x300.jpg 300w, https:\/\/www.ppprint.de\/wp-content\/uploads\/2023\/01\/P-filament-721-\ufffd-black-150x150.jpg 150w, https:\/\/www.ppprint.de\/wp-content\/uploads\/2023\/01\/P-filament-721-\ufffd-black-100x100.jpg 100w\" sizes=\"(max-width: 300px) 100vw, 300px\" \/><\/div><div class=\"product-caption\"><div class=\"shop-action\"><\/div><\/div><a href=\"https:\/\/www.ppprint.de\/en\/produkt\/p-filament-721-black\/\" class=\"woocommerce-LoopProduct-link woocommerce-loop-product__link\"><\/a><\/div><div class=\"caption\"><span class=\"posted_in\"><a href=\"https:\/\/www.ppprint.de\/en\/product-category\/filament-en\/\" rel=\"tag\">pp filament<\/a><\/span><h3 class=\"woocommerce-loop-product__title\"><a href=\"https:\/\/www.ppprint.de\/en\/produkt\/p-filament-721-black\/\">P-filament 721 black<\/a><\/h3>\n\t<span class=\"price\"><span class=\"woocommerce-Price-amount amount\"><bdi>45,50&nbsp;<span class=\"woocommerce-Price-currencySymbol\">&euro;<\/span><\/bdi><\/span> \u2013 <span class=\"woocommerce-Price-amount amount\"><bdi>204,50&nbsp;<span class=\"woocommerce-Price-currencySymbol\">&euro;<\/span><\/bdi><\/span><\/span>\n\n\n\t<p class=\"price price-unit smaller wc-gzd-additional-info wc-gzd-additional-info-loop\"><span class=\"woocommerce-Price-amount amount\">75,83&nbsp;<span class=\"woocommerce-Price-currencySymbol\">&euro;<\/span><\/span> &ndash; <span class=\"woocommerce-Price-amount amount\">51,13&nbsp;<span class=\"woocommerce-Price-currencySymbol\">&euro;<\/span><\/span> \/  <span class=\"unit\">kg<\/span><\/p>\n\n<a href=\"https:\/\/www.ppprint.de\/en\/produkt\/p-filament-721-black\/\" aria-describedby=\"woocommerce_loop_add_to_cart_link_describedby_4247\" data-quantity=\"1\" class=\"button product_type_variable add_to_cart_button\" data-product_id=\"4247\" data-product_sku=\"P-filament 721 black\" aria-label=\"Select options for &ldquo;P-filament 721 black&rdquo;\" rel=\"nofollow\">Select options<\/a>\t<span id=\"woocommerce_loop_add_to_cart_link_describedby_4247\" class=\"screen-reader-text\">\n\t\tThis product has multiple variants. The options may be chosen on the product page\t<\/span>\n<\/div>\n\t<p class=\"wc-gzd-additional-info wc-gzd-additional-info-loop tax-info\">incl. VAT<\/p>\n\n\t<p class=\"wc-gzd-additional-info wc-gzd-additional-info-loop shipping-costs-info\">excl. <a href=\"https:\/\/www.ppprint.de\/en\/shipping\/\" target=\"_blank\">shipping costs<\/a><\/p>\n\n\t<p class=\"wc-gzd-additional-info delivery-time-info wc-gzd-additional-info-loop\"><span class=\"delivery-time-inner delivery-time-2-3-working-days\">delivery time: <span class=\"delivery-time-data\">2-3 working days<\/span><\/span><\/p>\n\n\t<p class=\"wc-gzd-additional-info wc-gzd-additional-info-loop product-units-wrapper product-units\">Product contains: 0,6 <span class=\"unit\">kg<\/span><\/p>\n<\/div><\/li>\n<li class=\"product type-product post-2805 status-publish instock product_cat-filament-en has-post-thumbnail taxable shipping-taxable purchasable product-type-variable has-default-attributes\">\n\t<div class=\"product-block\"><div class=\"product-transition\"><div class=\"product-image\"><img decoding=\"async\" width=\"300\" height=\"300\" data-src=\"https:\/\/www.ppprint.de\/wp-content\/uploads\/2023\/01\/P-filament-721-\ufffd-natural-300x300.jpg\" class=\"attachment-woocommerce_thumbnail size-woocommerce_thumbnail lazyload\" alt=\"P-filament 721 natural\" data-srcset=\"https:\/\/www.ppprint.de\/wp-content\/uploads\/2023\/01\/P-filament-721-\ufffd-natural-300x300.jpg 300w, https:\/\/www.ppprint.de\/wp-content\/uploads\/2023\/01\/P-filament-721-\ufffd-natural-150x150.jpg 150w, https:\/\/www.ppprint.de\/wp-content\/uploads\/2023\/01\/P-filament-721-\ufffd-natural-100x100.jpg 100w\" data-sizes=\"(max-width: 300px) 100vw, 300px\" src=\"data:image\/svg+xml;base64,PHN2ZyB3aWR0aD0iMSIgaGVpZ2h0PSIxIiB4bWxucz0iaHR0cDovL3d3dy53My5vcmcvMjAwMC9zdmciPjwvc3ZnPg==\" style=\"--smush-placeholder-width: 300px; --smush-placeholder-aspect-ratio: 300\/300;\" \/><\/div><div class=\"product-caption\"><div class=\"shop-action\"><\/div><\/div><a href=\"https:\/\/www.ppprint.de\/en\/produkt\/filament\/\" class=\"woocommerce-LoopProduct-link woocommerce-loop-product__link\"><\/a><\/div><div class=\"caption\"><span class=\"posted_in\"><a href=\"https:\/\/www.ppprint.de\/en\/product-category\/filament-en\/\" rel=\"tag\">pp filament<\/a><\/span><h3 class=\"woocommerce-loop-product__title\"><a href=\"https:\/\/www.ppprint.de\/en\/produkt\/filament\/\">P-filament 721 natural<\/a><\/h3>\n\t<span class=\"price\"><span class=\"woocommerce-Price-amount amount\"><bdi>45,50&nbsp;<span class=\"woocommerce-Price-currencySymbol\">&euro;<\/span><\/bdi><\/span> \u2013 <span class=\"woocommerce-Price-amount amount\"><bdi>204,50&nbsp;<span class=\"woocommerce-Price-currencySymbol\">&euro;<\/span><\/bdi><\/span><\/span>\n\n\n\t<p class=\"price price-unit smaller wc-gzd-additional-info wc-gzd-additional-info-loop\"><span class=\"woocommerce-Price-amount amount\">75,83&nbsp;<span class=\"woocommerce-Price-currencySymbol\">&euro;<\/span><\/span> &ndash; <span class=\"woocommerce-Price-amount amount\">51,13&nbsp;<span class=\"woocommerce-Price-currencySymbol\">&euro;<\/span><\/span> \/  <span class=\"unit\">kg<\/span><\/p>\n\n<a href=\"https:\/\/www.ppprint.de\/en\/produkt\/filament\/\" aria-describedby=\"woocommerce_loop_add_to_cart_link_describedby_2805\" data-quantity=\"1\" class=\"button product_type_variable add_to_cart_button\" data-product_id=\"2805\" data-product_sku=\"P-filament 721\" aria-label=\"Select options for &ldquo;P-filament 721 natural&rdquo;\" rel=\"nofollow\">Select options<\/a>\t<span id=\"woocommerce_loop_add_to_cart_link_describedby_2805\" class=\"screen-reader-text\">\n\t\tThis product has multiple variants. The options may be chosen on the product page\t<\/span>\n<\/div>\n\t<p class=\"wc-gzd-additional-info wc-gzd-additional-info-loop tax-info\">incl. VAT<\/p>\n\n\t<p class=\"wc-gzd-additional-info wc-gzd-additional-info-loop shipping-costs-info\">excl. <a href=\"https:\/\/www.ppprint.de\/en\/shipping\/\" target=\"_blank\">shipping costs<\/a><\/p>\n\n\t<p class=\"wc-gzd-additional-info delivery-time-info wc-gzd-additional-info-loop\"><span class=\"delivery-time-inner delivery-time-2-3-working-days\">delivery time: <span class=\"delivery-time-data\">2-3 working days<\/span><\/span><\/p>\n\n\t<p class=\"wc-gzd-additional-info wc-gzd-additional-info-loop product-units-wrapper product-units\">Product contains: 0,6 <span class=\"unit\">kg<\/span><\/p>\n<\/div><\/li>\n<li class=\"product type-product post-9198 status-publish last instock product_cat-filament-en has-post-thumbnail taxable shipping-taxable purchasable product-type-variable\">\n\t<div class=\"product-block\"><div class=\"product-transition\"><div class=\"product-image\"><img decoding=\"async\" width=\"300\" height=\"300\" data-src=\"https:\/\/www.ppprint.de\/wp-content\/uploads\/2023\/01\/P-filament-721-\ufffd-grey-300x300.jpg\" class=\"attachment-woocommerce_thumbnail size-woocommerce_thumbnail lazyload\" alt=\"P-filament 721 grey\" data-srcset=\"https:\/\/www.ppprint.de\/wp-content\/uploads\/2023\/01\/P-filament-721-\ufffd-grey-300x300.jpg 300w, https:\/\/www.ppprint.de\/wp-content\/uploads\/2023\/01\/P-filament-721-\ufffd-grey-150x150.jpg 150w, https:\/\/www.ppprint.de\/wp-content\/uploads\/2023\/01\/P-filament-721-\ufffd-grey-100x100.jpg 100w\" data-sizes=\"(max-width: 300px) 100vw, 300px\" src=\"data:image\/svg+xml;base64,PHN2ZyB3aWR0aD0iMSIgaGVpZ2h0PSIxIiB4bWxucz0iaHR0cDovL3d3dy53My5vcmcvMjAwMC9zdmciPjwvc3ZnPg==\" style=\"--smush-placeholder-width: 300px; --smush-placeholder-aspect-ratio: 300\/300;\" \/><\/div><div class=\"product-caption\"><div class=\"shop-action\"><\/div><\/div><a href=\"https:\/\/www.ppprint.de\/en\/produkt\/p-filament-721-grey\/\" class=\"woocommerce-LoopProduct-link woocommerce-loop-product__link\"><\/a><\/div><div class=\"caption\"><span class=\"posted_in\"><a href=\"https:\/\/www.ppprint.de\/en\/product-category\/filament-en\/\" rel=\"tag\">pp filament<\/a><\/span><h3 class=\"woocommerce-loop-product__title\"><a href=\"https:\/\/www.ppprint.de\/en\/produkt\/p-filament-721-grey\/\">P-filament 721 grey<\/a><\/h3>\n\t<span class=\"price\"><span class=\"woocommerce-Price-amount amount\"><bdi>45,50&nbsp;<span class=\"woocommerce-Price-currencySymbol\">&euro;<\/span><\/bdi><\/span><\/span>\n\n\n\t<p class=\"price price-unit smaller wc-gzd-additional-info wc-gzd-additional-info-loop\"><span class=\"woocommerce-Price-amount amount\">75,83&nbsp;<span class=\"woocommerce-Price-currencySymbol\">&euro;<\/span><\/span> \/  <span class=\"unit\">kg<\/span><\/p>\n\n<a href=\"https:\/\/www.ppprint.de\/en\/produkt\/p-filament-721-grey\/\" aria-describedby=\"woocommerce_loop_add_to_cart_link_describedby_9198\" data-quantity=\"1\" class=\"button product_type_variable add_to_cart_button\" data-product_id=\"9198\" data-product_sku=\"P-filament 721 grey\" aria-label=\"Select options for &ldquo;P-filament 721 grey&rdquo;\" rel=\"nofollow\">Select options<\/a>\t<span id=\"woocommerce_loop_add_to_cart_link_describedby_9198\" class=\"screen-reader-text\">\n\t\tThis product has multiple variants. The options may be chosen on the product page\t<\/span>\n<\/div>\n\t<p class=\"wc-gzd-additional-info wc-gzd-additional-info-loop tax-info\">incl. VAT<\/p>\n\n\t<p class=\"wc-gzd-additional-info wc-gzd-additional-info-loop shipping-costs-info\">excl. <a href=\"https:\/\/www.ppprint.de\/en\/shipping\/\" target=\"_blank\">shipping costs<\/a><\/p>\n\n\t<p class=\"wc-gzd-additional-info delivery-time-info wc-gzd-additional-info-loop\"><span class=\"delivery-time-inner delivery-time-2-3-working-days\">delivery time: <span class=\"delivery-time-data\">2-3 working days<\/span><\/span><\/p>\n\n\t<p class=\"wc-gzd-additional-info wc-gzd-additional-info-loop product-units-wrapper product-units\">Product contains: 0,6 <span class=\"unit\">kg<\/span><\/p>\n<\/div><\/li>\n<li class=\"product type-product post-4238 status-publish first instock product_cat-filament-en has-post-thumbnail taxable shipping-taxable purchasable product-type-variable has-default-attributes\">\n\t<div class=\"product-block\"><div class=\"product-transition\"><div class=\"product-image\"><img decoding=\"async\" width=\"300\" height=\"300\" data-src=\"https:\/\/www.ppprint.de\/wp-content\/uploads\/2023\/01\/P-filament-721-\ufffd-white-300x300.jpg\" class=\"attachment-woocommerce_thumbnail size-woocommerce_thumbnail lazyload\" alt=\"P-filament 721 white\" data-srcset=\"https:\/\/www.ppprint.de\/wp-content\/uploads\/2023\/01\/P-filament-721-\ufffd-white-300x300.jpg 300w, https:\/\/www.ppprint.de\/wp-content\/uploads\/2023\/01\/P-filament-721-\ufffd-white-150x150.jpg 150w, https:\/\/www.ppprint.de\/wp-content\/uploads\/2023\/01\/P-filament-721-\ufffd-white-100x100.jpg 100w\" data-sizes=\"(max-width: 300px) 100vw, 300px\" src=\"data:image\/svg+xml;base64,PHN2ZyB3aWR0aD0iMSIgaGVpZ2h0PSIxIiB4bWxucz0iaHR0cDovL3d3dy53My5vcmcvMjAwMC9zdmciPjwvc3ZnPg==\" style=\"--smush-placeholder-width: 300px; --smush-placeholder-aspect-ratio: 300\/300;\" \/><\/div><div class=\"product-caption\"><div class=\"shop-action\"><\/div><\/div><a href=\"https:\/\/www.ppprint.de\/en\/produkt\/p-filament-721-white\/\" class=\"woocommerce-LoopProduct-link woocommerce-loop-product__link\"><\/a><\/div><div class=\"caption\"><span class=\"posted_in\"><a href=\"https:\/\/www.ppprint.de\/en\/product-category\/filament-en\/\" rel=\"tag\">pp filament<\/a><\/span><h3 class=\"woocommerce-loop-product__title\"><a href=\"https:\/\/www.ppprint.de\/en\/produkt\/p-filament-721-white\/\">P-filament 721 white<\/a><\/h3>\n\t<span class=\"price\"><span class=\"woocommerce-Price-amount amount\"><bdi>45,50&nbsp;<span class=\"woocommerce-Price-currencySymbol\">&euro;<\/span><\/bdi><\/span> \u2013 <span class=\"woocommerce-Price-amount amount\"><bdi>204,50&nbsp;<span class=\"woocommerce-Price-currencySymbol\">&euro;<\/span><\/bdi><\/span><\/span>\n\n\n\t<p class=\"price price-unit smaller wc-gzd-additional-info wc-gzd-additional-info-loop\"><span class=\"woocommerce-Price-amount amount\">75,83&nbsp;<span class=\"woocommerce-Price-currencySymbol\">&euro;<\/span><\/span> &ndash; <span class=\"woocommerce-Price-amount amount\">51,13&nbsp;<span class=\"woocommerce-Price-currencySymbol\">&euro;<\/span><\/span> \/  <span class=\"unit\">kg<\/span><\/p>\n\n<a href=\"https:\/\/www.ppprint.de\/en\/produkt\/p-filament-721-white\/\" aria-describedby=\"woocommerce_loop_add_to_cart_link_describedby_4238\" data-quantity=\"1\" class=\"button product_type_variable add_to_cart_button\" data-product_id=\"4238\" data-product_sku=\"0739805911364\" aria-label=\"Select options for &ldquo;P-filament 721 white&rdquo;\" rel=\"nofollow\">Select options<\/a>\t<span id=\"woocommerce_loop_add_to_cart_link_describedby_4238\" class=\"screen-reader-text\">\n\t\tThis product has multiple variants. The options may be chosen on the product page\t<\/span>\n<\/div>\n\t<p class=\"wc-gzd-additional-info wc-gzd-additional-info-loop tax-info\">incl. VAT<\/p>\n\n\t<p class=\"wc-gzd-additional-info wc-gzd-additional-info-loop shipping-costs-info\">excl. <a href=\"https:\/\/www.ppprint.de\/en\/shipping\/\" target=\"_blank\">shipping costs<\/a><\/p>\n\n\t<p class=\"wc-gzd-additional-info delivery-time-info wc-gzd-additional-info-loop\"><span class=\"delivery-time-inner delivery-time-2-3-working-days\">delivery time: <span class=\"delivery-time-data\">2-3 working days<\/span><\/span><\/p>\n\n\t<p class=\"wc-gzd-additional-info wc-gzd-additional-info-loop product-units-wrapper product-units\">Product contains: 0,6 <span class=\"unit\">kg<\/span><\/p>\n<\/div><\/li>\n<li class=\"product type-product post-12434 status-publish outofstock product_cat-filament-en product_cat-carbon-en has-post-thumbnail featured taxable shipping-taxable purchasable product-type-variable\">\n\t<div class=\"product-block\"><div class=\"product-transition\"><span class=\"out-of-stock\">Out Of Stock<\/span><div class=\"product-image\"><img decoding=\"async\" width=\"300\" height=\"300\" data-src=\"https:\/\/www.ppprint.de\/wp-content\/uploads\/2023\/12\/Filament-carbon-small-300x300.jpg\" class=\"attachment-woocommerce_thumbnail size-woocommerce_thumbnail lazyload\" alt=\"P-filament Carbon 411\" data-srcset=\"https:\/\/www.ppprint.de\/wp-content\/uploads\/2023\/12\/Filament-carbon-small-300x300.jpg 300w, https:\/\/www.ppprint.de\/wp-content\/uploads\/2023\/12\/Filament-carbon-small-150x150.jpg 150w, https:\/\/www.ppprint.de\/wp-content\/uploads\/2023\/12\/Filament-carbon-small-100x100.jpg 100w\" data-sizes=\"(max-width: 300px) 100vw, 300px\" src=\"data:image\/svg+xml;base64,PHN2ZyB3aWR0aD0iMSIgaGVpZ2h0PSIxIiB4bWxucz0iaHR0cDovL3d3dy53My5vcmcvMjAwMC9zdmciPjwvc3ZnPg==\" style=\"--smush-placeholder-width: 300px; --smush-placeholder-aspect-ratio: 300\/300;\" \/><\/div><div class=\"product-caption\"><div class=\"shop-action\"><\/div><\/div><a href=\"https:\/\/www.ppprint.de\/en\/produkt\/p-filament-721-carbon\/\" class=\"woocommerce-LoopProduct-link woocommerce-loop-product__link\"><\/a><\/div><div class=\"caption\"><span class=\"posted_in\"><a href=\"https:\/\/www.ppprint.de\/en\/product-category\/filament-en\/\" rel=\"tag\">pp filament<\/a>, <a href=\"https:\/\/www.ppprint.de\/en\/product-category\/carbon-en\/\" rel=\"tag\">PP Carbon<\/a><\/span><h3 class=\"woocommerce-loop-product__title\"><a href=\"https:\/\/www.ppprint.de\/en\/produkt\/p-filament-721-carbon\/\">P-filament Carbon 411<\/a><\/h3>\n\t<span class=\"price\"><span class=\"woocommerce-Price-amount amount\"><bdi>69,00&nbsp;<span class=\"woocommerce-Price-currencySymbol\">&euro;<\/span><\/bdi><\/span> \u2013 <span class=\"woocommerce-Price-amount amount\"><bdi>166,60&nbsp;<span class=\"woocommerce-Price-currencySymbol\">&euro;<\/span><\/bdi><\/span><\/span>\n\n\n\t<p class=\"price price-unit smaller wc-gzd-additional-info wc-gzd-additional-info-loop\"><span class=\"woocommerce-Price-amount amount\">115,00&nbsp;<span class=\"woocommerce-Price-currencySymbol\">&euro;<\/span><\/span> &ndash; <span class=\"woocommerce-Price-amount amount\">92,56&nbsp;<span class=\"woocommerce-Price-currencySymbol\">&euro;<\/span><\/span> \/  <span class=\"unit\">kg<\/span><\/p>\n\n<a href=\"https:\/\/www.ppprint.de\/en\/produkt\/p-filament-721-carbon\/\" aria-describedby=\"woocommerce_loop_add_to_cart_link_describedby_12434\" data-quantity=\"1\" class=\"button product_type_variable\" data-product_id=\"12434\" data-product_sku=\"P-filament Carbon 411\" aria-label=\"Select options for &ldquo;P-filament Carbon 411&rdquo;\" rel=\"nofollow\">Select options<\/a>\t<span id=\"woocommerce_loop_add_to_cart_link_describedby_12434\" class=\"screen-reader-text\">\n\t\tThis product has multiple variants. The options may be chosen on the product page\t<\/span>\n<\/div>\n\t<p class=\"wc-gzd-additional-info wc-gzd-additional-info-loop tax-info\">incl. VAT<\/p>\n\n\t<p class=\"wc-gzd-additional-info wc-gzd-additional-info-loop shipping-costs-info\">excl. <a href=\"https:\/\/www.ppprint.de\/en\/shipping\/\" target=\"_blank\">shipping costs<\/a><\/p>\n\n\t<p class=\"wc-gzd-additional-info delivery-time-info wc-gzd-additional-info-loop\"><span class=\"delivery-time-inner delivery-time-2-3-working-days\">delivery time: <span class=\"delivery-time-data\">2-3 working days<\/span><\/span><\/p>\n\n\t<p class=\"wc-gzd-additional-info wc-gzd-additional-info-loop product-units-wrapper product-units\">Product contains: 0,6 <span class=\"unit\">kg<\/span><\/p>\n<\/div><\/li>\n<li class=\"product type-product post-11199 status-publish last instock product_cat-filament-en has-post-thumbnail taxable shipping-taxable purchasable product-type-variable\">\n\t<div class=\"product-block\"><div class=\"product-transition\"><div class=\"product-image\"><img decoding=\"async\" width=\"300\" height=\"300\" data-src=\"https:\/\/www.ppprint.de\/wp-content\/uploads\/2023\/01\/P-filament-721-\ufffd-beige-300x300.jpg\" class=\"attachment-woocommerce_thumbnail size-woocommerce_thumbnail lazyload\" alt=\"P-filament 721 beige\" data-srcset=\"https:\/\/www.ppprint.de\/wp-content\/uploads\/2023\/01\/P-filament-721-\ufffd-beige-300x300.jpg 300w, https:\/\/www.ppprint.de\/wp-content\/uploads\/2023\/01\/P-filament-721-\ufffd-beige-150x150.jpg 150w, https:\/\/www.ppprint.de\/wp-content\/uploads\/2023\/01\/P-filament-721-\ufffd-beige-100x100.jpg 100w\" data-sizes=\"(max-width: 300px) 100vw, 300px\" src=\"data:image\/svg+xml;base64,PHN2ZyB3aWR0aD0iMSIgaGVpZ2h0PSIxIiB4bWxucz0iaHR0cDovL3d3dy53My5vcmcvMjAwMC9zdmciPjwvc3ZnPg==\" style=\"--smush-placeholder-width: 300px; --smush-placeholder-aspect-ratio: 300\/300;\" \/><\/div><div class=\"product-caption\"><div class=\"shop-action\"><\/div><\/div><a href=\"https:\/\/www.ppprint.de\/en\/produkt\/p-filament-721-beige\/\" class=\"woocommerce-LoopProduct-link woocommerce-loop-product__link\"><\/a><\/div><div class=\"caption\"><span class=\"posted_in\"><a href=\"https:\/\/www.ppprint.de\/en\/product-category\/filament-en\/\" rel=\"tag\">pp filament<\/a><\/span><h3 class=\"woocommerce-loop-product__title\"><a href=\"https:\/\/www.ppprint.de\/en\/produkt\/p-filament-721-beige\/\">P-filament 721 beige<\/a><\/h3>\n\t<span class=\"price\"><span class=\"woocommerce-Price-amount amount\"><bdi>45,50&nbsp;<span class=\"woocommerce-Price-currencySymbol\">&euro;<\/span><\/bdi><\/span> \u2013 <span class=\"woocommerce-Price-amount amount\"><bdi>204,50&nbsp;<span class=\"woocommerce-Price-currencySymbol\">&euro;<\/span><\/bdi><\/span><\/span>\n\n\n\t<p class=\"price price-unit smaller wc-gzd-additional-info wc-gzd-additional-info-loop\"><span class=\"woocommerce-Price-amount amount\">75,83&nbsp;<span class=\"woocommerce-Price-currencySymbol\">&euro;<\/span><\/span> &ndash; <span class=\"woocommerce-Price-amount amount\">51,13&nbsp;<span class=\"woocommerce-Price-currencySymbol\">&euro;<\/span><\/span> \/  <span class=\"unit\">kg<\/span><\/p>\n\n<a href=\"https:\/\/www.ppprint.de\/en\/produkt\/p-filament-721-beige\/\" aria-describedby=\"woocommerce_loop_add_to_cart_link_describedby_11199\" data-quantity=\"1\" class=\"button product_type_variable add_to_cart_button\" data-product_id=\"11199\" data-product_sku=\"P-filament 721 beige\" aria-label=\"Select options for &ldquo;P-filament 721 beige&rdquo;\" rel=\"nofollow\">Select options<\/a>\t<span id=\"woocommerce_loop_add_to_cart_link_describedby_11199\" class=\"screen-reader-text\">\n\t\tThis product has multiple variants. The options may be chosen on the product page\t<\/span>\n<\/div>\n\t<p class=\"wc-gzd-additional-info wc-gzd-additional-info-loop tax-info\">incl. VAT<\/p>\n\n\t<p class=\"wc-gzd-additional-info wc-gzd-additional-info-loop shipping-costs-info\">excl. <a href=\"https:\/\/www.ppprint.de\/en\/shipping\/\" target=\"_blank\">shipping costs<\/a><\/p>\n\n\t<p class=\"wc-gzd-additional-info delivery-time-info wc-gzd-additional-info-loop\"><span class=\"delivery-time-inner delivery-time-2-3-working-days\">delivery time: <span class=\"delivery-time-data\">2-3 working days<\/span><\/span><\/p>\n\n\t<p class=\"wc-gzd-additional-info wc-gzd-additional-info-loop product-units-wrapper product-units\">Product contains: 0,6 <span class=\"unit\">kg<\/span><\/p>\n<\/div><\/li>\n<\/ul>\n<\/div>\t\t\t\t<\/div>\n\t\t\t\t<\/div>\n\t\t\t\t\t<\/div>\n\t\t<\/div>\n\t\t\t\t\t<\/div>\n\t\t<\/section>\n\t\t\t\t<\/div>\n\t\t","protected":false},"excerpt":{"rendered":"<p>pp filament P-filament 721 black 45,50&nbsp;&euro; \u2013 114,50&nbsp;&euro; 75,83&nbsp;&euro; &ndash; 63,61&nbsp;&euro; \/ kg Ausf\u00fchrung w\u00e4hlen inkl. MwSt. zzgl. Versandkosten Lieferzeit: 2-3 working days Produkt enth\u00e4lt: 0,6 kg pp filament P-filament 721 grey 45,50&nbsp;&euro; 75,83&nbsp;&euro; \/ kg Ausf\u00fchrung w\u00e4hlen inkl. MwSt. zzgl. Versandkosten Lieferzeit: 2-3 working days Produkt enth\u00e4lt: 0,6 kg pp filament P-filament 721 natural &hellip; <\/p>\n<p class=\"link-more\"><a href=\"https:\/\/www.ppprint.de\/en\/filament-i\/\" class=\"more-link\">Read More <span class=\"screen-reader-text\"> &#8220;Filament&#8221;<\/span><\/a><\/p>\n","protected":false},"author":1,"featured_media":0,"parent":0,"menu_order":0,"comment_status":"closed","ping_status":"closed","template":"","meta":{"inline_featured_image":false,"_monsterinsights_skip_tracking":false,"_monsterinsights_sitenote_active":false,"_monsterinsights_sitenote_note":"","_monsterinsights_sitenote_category":0,"footnotes":""},"class_list":["post-7371","page","type-page","status-publish","hentry"],"aioseo_notices":[],"_links":{"self":[{"href":"https:\/\/www.ppprint.de\/en\/wp-json\/wp\/v2\/pages\/7371","targetHints":{"allow":["GET"]}}],"collection":[{"href":"https:\/\/www.ppprint.de\/en\/wp-json\/wp\/v2\/pages"}],"about":[{"href":"https:\/\/www.ppprint.de\/en\/wp-json\/wp\/v2\/types\/page"}],"author":[{"embeddable":true,"href":"https:\/\/www.ppprint.de\/en\/wp-json\/wp\/v2\/users\/1"}],"replies":[{"embeddable":true,"href":"https:\/\/www.ppprint.de\/en\/wp-json\/wp\/v2\/comments?post=7371"}],"version-history":[{"count":11,"href":"https:\/\/www.ppprint.de\/en\/wp-json\/wp\/v2\/pages\/7371\/revisions"}],"predecessor-version":[{"id":12981,"href":"https:\/\/www.ppprint.de\/en\/wp-json\/wp\/v2\/pages\/7371\/revisions\/12981"}],"wp:attachment":[{"href":"https:\/\/www.ppprint.de\/en\/wp-json\/wp\/v2\/media?parent=7371"}],"curies":[{"name":"wp","href":"https:\/\/api.w.org\/{rel}","templated":true}]}}